{"id":2268,"date":"2018-07-25T11:46:18","date_gmt":"2018-07-25T15:46:18","guid":{"rendered":"https:\/\/www.groupedemexcentrem.com\/centrem\/nos-affiliations\/"},"modified":"2020-01-28T12:05:21","modified_gmt":"2020-01-28T17:05:21","slug":"our-certificates-and-affiliations","status":"publish","type":"page","link":"https:\/\/www.groupedemexcentrem.com\/en\/centrem\/our-certificates-and-affiliations\/","title":{"rendered":"Our Certificates and Affiliations"},"content":{"rendered":"<pre><a href=\"https:\/\/www.cnesst.gouv.qc.ca\/Pages\/accueil.aspx\" target=\"_blank\" rel=\"noopener noreferrer\">    <img loading=\"lazy\" decoding=\"async\" class=\"lazy alignnone  wp-image-1027\" src=\"https:\/\/www.groupedemexcentrem.com\/wp-content\/themes\/nubee\/library\/images\/blank.png\" data-original=\"http:\/\/www.groupedemexcentrem.com\/wp-content\/uploads\/2018\/10\/cnesst.png\" alt=\"\" width=\"139\" height=\"62\" \/><\/a>          <a href=\"https:\/\/www.3rmcdq.qc.ca\/\" target=\"_blank\" rel=\"noopener noreferrer\"><img loading=\"lazy\" decoding=\"async\" class=\"lazy alignnone  wp-image-1034\" src=\"https:\/\/www.groupedemexcentrem.com\/wp-content\/themes\/nubee\/library\/images\/blank.png\" data-original=\"http:\/\/www.groupedemexcentrem.com\/wp-content\/uploads\/2018\/10\/mcdq.png\" alt=\"\" width=\"173\" height=\"79\" \/><\/a>          <a href=\"https:\/\/www.trans-al.com\/\" target=\"_blank\" rel=\"noopener noreferrer\"><img loading=\"lazy\" decoding=\"async\" class=\"lazy alignnone  wp-image-1760\" src=\"https:\/\/www.groupedemexcentrem.com\/wp-content\/themes\/nubee\/library\/images\/blank.png\" data-original=\"http:\/\/www.groupedemexcentrem.com\/wp-content\/uploads\/2018\/11\/trans-al-768x365.png\" alt=\"\" width=\"141\" height=\"67\" \/>           \r\n                          <\/a><\/pre>\n<p>Registered and professional recycling centres in good standing with\u00a0<strong>CNESST<\/strong><\/p>\n<p>Centrem is a member of the <em>Regroupement des R\u00e9cup\u00e9rateurs et Recycleurs de Mat\u00e9riaux de Construction et D\u00e9molition du Qu\u00e9bec<\/em> (<strong>3RMCDQ<\/strong>).<\/p>\n<p>In order to ensure the health and safety of our employees and the community, as well as our compliance with all applicable laws and standards, Centrem regularly promotes and implements its following programs and policies:<\/p>\n<ul>\n<li><strong>Quality Policy<\/strong><\/li>\n<li><strong>General Prevention and Risk Analysis Program<\/strong><\/li>\n<li><strong>Environmental Management Program<\/strong><\/li>\n<li><strong>Anti-harassment Policy<\/strong><\/li>\n<li><strong>Workplace Drugs and Alcohol Policy<\/strong><\/li>\n<\/ul>\n<p>Our Certificates of Approval from the <em>Minist\u00e8re de l\u2019Environnement et de la Lutte Contre les Changements Climatiques<\/em> (MELCC) include:<\/p>\n<ul>\n<li><strong>Operating a dry material recycling centre;<\/strong><\/li>\n<li><strong>Third party hazardous materials&#8217; storage operations;<\/strong><\/li>\n<li><strong>Operating a contaminated metal processing centre toward reuse;<\/strong><\/li>\n<li><strong>Installing dust collector cartridges for churning operations;<\/strong><\/li>\n<li><strong>Dismantling transformers (for PCB-contaminated oils at less than 50 ppm levels);<\/strong><\/li>\n<li><strong>Spent potlining removal, including sorting and preparing potlining;<\/strong><\/li>\n<li><strong>Operation of an end-of-life vehicle processing centre.<\/strong><\/li>\n<\/ul>\n<p><a class=\"button\" href=\"http:\/\/www.groupedemexcentrem.com\/en\/centrem\/quality-policy\/\">See our Quality Policy<\/a><\/p>\n","protected":false},"excerpt":{"rendered":"<p>Registered and professional recycling centres in good standing with\u00a0CNESST Centrem is a member of the Regroupement des R\u00e9cup\u00e9rateurs et Recycleurs de Mat\u00e9riaux de Construction et D\u00e9molition du Qu\u00e9bec (3RMCDQ). In order to ensure the health and safety of our employees and the community, as well as our compliance with all applicable laws and standards, Centrem&#8230;  <a class=\"excerpt-read-more\" href=\"https:\/\/www.groupedemexcentrem.com\/en\/centrem\/our-certificates-and-affiliations\/\" title=\"Read Our Certificates and Affiliations\">Read more &raquo;<\/a><\/p>\n","protected":false},"author":1,"featured_media":0,"parent":465,"menu_order":21,"comment_status":"closed","ping_status":"closed","template":"","meta":{"_acf_changed":false,"footnotes":""},"class_list":["post-2268","page","type-page","status-publish","hentry"],"acf":[],"yoast_head":"<!-- This site is optimized with the Yoast SEO plugin v27.5 - https:\/\/yoast.com\/product\/yoast-seo-wordpress\/ -->\n<title>Our Certificates and Affiliations | Demex-Centrem group<\/title>\n<meta name=\"description\" content=\"A professional recycling center registered in good standing with CNESST and AMF, Centrem is also ISO 9001: 2015 certified\" \/>\n<meta name=\"robots\" content=\"index, follow, max-snippet:-1, max-image-preview:large, max-video-preview:-1\" \/>\n<link rel=\"canonical\" href=\"https:\/\/www.groupedemexcentrem.com\/en\/centrem\/our-certificates-and-affiliations\/\" \/>\n<meta property=\"og:locale\" content=\"en_US\" \/>\n<meta property=\"og:type\" content=\"article\" \/>\n<meta property=\"og:title\" content=\"Our Certificates and Affiliations | Demex-Centrem group\" \/>\n<meta property=\"og:description\" content=\"A professional recycling center registered in good standing with CNESST and AMF, Centrem is also ISO 9001: 2015 certified\" \/>\n<meta property=\"og:url\" content=\"https:\/\/www.groupedemexcentrem.com\/en\/centrem\/our-certificates-and-affiliations\/\" \/>\n<meta property=\"og:site_name\" content=\"Demex-Centrem group\" \/>\n<meta property=\"article:publisher\" content=\"https:\/\/www.facebook.com\/D%c3%a9mex-129126640571982\/\" \/>\n<meta property=\"article:modified_time\" content=\"2020-01-28T17:05:21+00:00\" \/>\n<meta property=\"og:image\" content=\"http:\/\/www.groupedemexcentrem.com\/wp-content\/uploads\/2018\/10\/cnesst.png\" \/>\n<meta name=\"twitter:card\" content=\"summary_large_image\" \/>\n<meta name=\"twitter:site\" content=\"@Demex00545143\" \/>\n<meta name=\"twitter:label1\" content=\"Est. reading time\" \/>\n\t<meta name=\"twitter:data1\" content=\"1 minute\" \/>\n<script type=\"application\/ld+json\" class=\"yoast-schema-graph\">{\"@context\":\"https:\\\/\\\/schema.org\",\"@graph\":[{\"@type\":\"WebPage\",\"@id\":\"https:\\\/\\\/www.groupedemexcentrem.com\\\/en\\\/centrem\\\/our-certificates-and-affiliations\\\/\",\"url\":\"https:\\\/\\\/www.groupedemexcentrem.com\\\/en\\\/centrem\\\/our-certificates-and-affiliations\\\/\",\"name\":\"Our Certificates and Affiliations | Demex-Centrem group\",\"isPartOf\":{\"@id\":\"https:\\\/\\\/www.groupedemexcentrem.com\\\/en\\\/#website\"},\"primaryImageOfPage\":{\"@id\":\"https:\\\/\\\/www.groupedemexcentrem.com\\\/en\\\/centrem\\\/our-certificates-and-affiliations\\\/#primaryimage\"},\"image\":{\"@id\":\"https:\\\/\\\/www.groupedemexcentrem.com\\\/en\\\/centrem\\\/our-certificates-and-affiliations\\\/#primaryimage\"},\"thumbnailUrl\":\"http:\\\/\\\/www.groupedemexcentrem.com\\\/wp-content\\\/uploads\\\/2018\\\/10\\\/cnesst.png\",\"datePublished\":\"2018-07-25T15:46:18+00:00\",\"dateModified\":\"2020-01-28T17:05:21+00:00\",\"description\":\"A professional recycling center registered in good standing with CNESST and AMF, Centrem is also ISO 9001: 2015 certified\",\"breadcrumb\":{\"@id\":\"https:\\\/\\\/www.groupedemexcentrem.com\\\/en\\\/centrem\\\/our-certificates-and-affiliations\\\/#breadcrumb\"},\"inLanguage\":\"en-US\",\"potentialAction\":[{\"@type\":\"ReadAction\",\"target\":[\"https:\\\/\\\/www.groupedemexcentrem.com\\\/en\\\/centrem\\\/our-certificates-and-affiliations\\\/\"]}]},{\"@type\":\"ImageObject\",\"inLanguage\":\"en-US\",\"@id\":\"https:\\\/\\\/www.groupedemexcentrem.com\\\/en\\\/centrem\\\/our-certificates-and-affiliations\\\/#primaryimage\",\"url\":\"http:\\\/\\\/www.groupedemexcentrem.com\\\/wp-content\\\/uploads\\\/2018\\\/10\\\/cnesst.png\",\"contentUrl\":\"http:\\\/\\\/www.groupedemexcentrem.com\\\/wp-content\\\/uploads\\\/2018\\\/10\\\/cnesst.png\"},{\"@type\":\"BreadcrumbList\",\"@id\":\"https:\\\/\\\/www.groupedemexcentrem.com\\\/en\\\/centrem\\\/our-certificates-and-affiliations\\\/#breadcrumb\",\"itemListElement\":[{\"@type\":\"ListItem\",\"position\":1,\"name\":\"Accueil\",\"item\":\"https:\\\/\\\/www.groupedemexcentrem.com\\\/en\\\/\"},{\"@type\":\"ListItem\",\"position\":2,\"name\":\"Centrem\",\"item\":\"https:\\\/\\\/www.groupedemexcentrem.com\\\/en\\\/centrem\\\/\"},{\"@type\":\"ListItem\",\"position\":3,\"name\":\"Our Certificates and Affiliations\"}]},{\"@type\":\"WebSite\",\"@id\":\"https:\\\/\\\/www.groupedemexcentrem.com\\\/en\\\/#website\",\"url\":\"https:\\\/\\\/www.groupedemexcentrem.com\\\/en\\\/\",\"name\":\"Demex-Centrem group\",\"description\":\"\",\"publisher\":{\"@id\":\"https:\\\/\\\/www.groupedemexcentrem.com\\\/en\\\/#organization\"},\"potentialAction\":[{\"@type\":\"SearchAction\",\"target\":{\"@type\":\"EntryPoint\",\"urlTemplate\":\"https:\\\/\\\/www.groupedemexcentrem.com\\\/en\\\/?s={search_term_string}\"},\"query-input\":{\"@type\":\"PropertyValueSpecification\",\"valueRequired\":true,\"valueName\":\"search_term_string\"}}],\"inLanguage\":\"en-US\"},{\"@type\":\"Organization\",\"@id\":\"https:\\\/\\\/www.groupedemexcentrem.com\\\/en\\\/#organization\",\"name\":\"Groupe D\u00e9mex-Centrem\",\"url\":\"https:\\\/\\\/www.groupedemexcentrem.com\\\/en\\\/\",\"logo\":{\"@type\":\"ImageObject\",\"inLanguage\":\"en-US\",\"@id\":\"https:\\\/\\\/www.groupedemexcentrem.com\\\/en\\\/#\\\/schema\\\/logo\\\/image\\\/\",\"url\":\"https:\\\/\\\/www.groupedemexcentrem.com\\\/wp-content\\\/uploads\\\/2019\\\/09\\\/groupe-demex-centrem.png\",\"contentUrl\":\"https:\\\/\\\/www.groupedemexcentrem.com\\\/wp-content\\\/uploads\\\/2019\\\/09\\\/groupe-demex-centrem.png\",\"width\":651,\"height\":415,\"caption\":\"Groupe D\u00e9mex-Centrem\"},\"image\":{\"@id\":\"https:\\\/\\\/www.groupedemexcentrem.com\\\/en\\\/#\\\/schema\\\/logo\\\/image\\\/\"},\"sameAs\":[\"https:\\\/\\\/www.facebook.com\\\/D\u00e9mex-129126640571982\\\/\",\"https:\\\/\\\/x.com\\\/Demex00545143\",\"https:\\\/\\\/fr.linkedin.com\\\/company\\\/demex-inc.\",\"https:\\\/\\\/www.youtube.com\\\/channel\\\/UCpeX1t8JxRJG6LDe1tKRsSg\\\/featured\"]}]}<\/script>\n<!-- \/ Yoast SEO plugin. -->","yoast_head_json":{"title":"Our Certificates and Affiliations | Demex-Centrem group","description":"A professional recycling center registered in good standing with CNESST and AMF, Centrem is also ISO 9001: 2015 certified","robots":{"index":"index","follow":"follow","max-snippet":"max-snippet:-1","max-image-preview":"max-image-preview:large","max-video-preview":"max-video-preview:-1"},"canonical":"https:\/\/www.groupedemexcentrem.com\/en\/centrem\/our-certificates-and-affiliations\/","og_locale":"en_US","og_type":"article","og_title":"Our Certificates and Affiliations | Demex-Centrem group","og_description":"A professional recycling center registered in good standing with CNESST and AMF, Centrem is also ISO 9001: 2015 certified","og_url":"https:\/\/www.groupedemexcentrem.com\/en\/centrem\/our-certificates-and-affiliations\/","og_site_name":"Demex-Centrem group","article_publisher":"https:\/\/www.facebook.com\/D%c3%a9mex-129126640571982\/","article_modified_time":"2020-01-28T17:05:21+00:00","og_image":[{"url":"http:\/\/www.groupedemexcentrem.com\/wp-content\/uploads\/2018\/10\/cnesst.png","type":"","width":"","height":""}],"twitter_card":"summary_large_image","twitter_site":"@Demex00545143","twitter_misc":{"Est. reading time":"1 minute"},"schema":{"@context":"https:\/\/schema.org","@graph":[{"@type":"WebPage","@id":"https:\/\/www.groupedemexcentrem.com\/en\/centrem\/our-certificates-and-affiliations\/","url":"https:\/\/www.groupedemexcentrem.com\/en\/centrem\/our-certificates-and-affiliations\/","name":"Our Certificates and Affiliations | Demex-Centrem group","isPartOf":{"@id":"https:\/\/www.groupedemexcentrem.com\/en\/#website"},"primaryImageOfPage":{"@id":"https:\/\/www.groupedemexcentrem.com\/en\/centrem\/our-certificates-and-affiliations\/#primaryimage"},"image":{"@id":"https:\/\/www.groupedemexcentrem.com\/en\/centrem\/our-certificates-and-affiliations\/#primaryimage"},"thumbnailUrl":"http:\/\/www.groupedemexcentrem.com\/wp-content\/uploads\/2018\/10\/cnesst.png","datePublished":"2018-07-25T15:46:18+00:00","dateModified":"2020-01-28T17:05:21+00:00","description":"A professional recycling center registered in good standing with CNESST and AMF, Centrem is also ISO 9001: 2015 certified","breadcrumb":{"@id":"https:\/\/www.groupedemexcentrem.com\/en\/centrem\/our-certificates-and-affiliations\/#breadcrumb"},"inLanguage":"en-US","potentialAction":[{"@type":"ReadAction","target":["https:\/\/www.groupedemexcentrem.com\/en\/centrem\/our-certificates-and-affiliations\/"]}]},{"@type":"ImageObject","inLanguage":"en-US","@id":"https:\/\/www.groupedemexcentrem.com\/en\/centrem\/our-certificates-and-affiliations\/#primaryimage","url":"http:\/\/www.groupedemexcentrem.com\/wp-content\/uploads\/2018\/10\/cnesst.png","contentUrl":"http:\/\/www.groupedemexcentrem.com\/wp-content\/uploads\/2018\/10\/cnesst.png"},{"@type":"BreadcrumbList","@id":"https:\/\/www.groupedemexcentrem.com\/en\/centrem\/our-certificates-and-affiliations\/#breadcrumb","itemListElement":[{"@type":"ListItem","position":1,"name":"Accueil","item":"https:\/\/www.groupedemexcentrem.com\/en\/"},{"@type":"ListItem","position":2,"name":"Centrem","item":"https:\/\/www.groupedemexcentrem.com\/en\/centrem\/"},{"@type":"ListItem","position":3,"name":"Our Certificates and Affiliations"}]},{"@type":"WebSite","@id":"https:\/\/www.groupedemexcentrem.com\/en\/#website","url":"https:\/\/www.groupedemexcentrem.com\/en\/","name":"Demex-Centrem group","description":"","publisher":{"@id":"https:\/\/www.groupedemexcentrem.com\/en\/#organization"},"potentialAction":[{"@type":"SearchAction","target":{"@type":"EntryPoint","urlTemplate":"https:\/\/www.groupedemexcentrem.com\/en\/?s={search_term_string}"},"query-input":{"@type":"PropertyValueSpecification","valueRequired":true,"valueName":"search_term_string"}}],"inLanguage":"en-US"},{"@type":"Organization","@id":"https:\/\/www.groupedemexcentrem.com\/en\/#organization","name":"Groupe D\u00e9mex-Centrem","url":"https:\/\/www.groupedemexcentrem.com\/en\/","logo":{"@type":"ImageObject","inLanguage":"en-US","@id":"https:\/\/www.groupedemexcentrem.com\/en\/#\/schema\/logo\/image\/","url":"https:\/\/www.groupedemexcentrem.com\/wp-content\/uploads\/2019\/09\/groupe-demex-centrem.png","contentUrl":"https:\/\/www.groupedemexcentrem.com\/wp-content\/uploads\/2019\/09\/groupe-demex-centrem.png","width":651,"height":415,"caption":"Groupe D\u00e9mex-Centrem"},"image":{"@id":"https:\/\/www.groupedemexcentrem.com\/en\/#\/schema\/logo\/image\/"},"sameAs":["https:\/\/www.facebook.com\/D\u00e9mex-129126640571982\/","https:\/\/x.com\/Demex00545143","https:\/\/fr.linkedin.com\/company\/demex-inc.","https:\/\/www.youtube.com\/channel\/UCpeX1t8JxRJG6LDe1tKRsSg\/featured"]}]}},"_links":{"self":[{"href":"https:\/\/www.groupedemexcentrem.com\/en\/wp-json\/wp\/v2\/pages\/2268","targetHints":{"allow":["GET"]}}],"collection":[{"href":"https:\/\/www.groupedemexcentrem.com\/en\/wp-json\/wp\/v2\/pages"}],"about":[{"href":"https:\/\/www.groupedemexcentrem.com\/en\/wp-json\/wp\/v2\/types\/page"}],"author":[{"embeddable":true,"href":"https:\/\/www.groupedemexcentrem.com\/en\/wp-json\/wp\/v2\/users\/1"}],"replies":[{"embeddable":true,"href":"https:\/\/www.groupedemexcentrem.com\/en\/wp-json\/wp\/v2\/comments?post=2268"}],"version-history":[{"count":5,"href":"https:\/\/www.groupedemexcentrem.com\/en\/wp-json\/wp\/v2\/pages\/2268\/revisions"}],"predecessor-version":[{"id":3710,"href":"https:\/\/www.groupedemexcentrem.com\/en\/wp-json\/wp\/v2\/pages\/2268\/revisions\/3710"}],"up":[{"embeddable":true,"href":"https:\/\/www.groupedemexcentrem.com\/en\/wp-json\/wp\/v2\/pages\/465"}],"wp:attachment":[{"href":"https:\/\/www.groupedemexcentrem.com\/en\/wp-json\/wp\/v2\/media?parent=2268"}],"curies":[{"name":"wp","href":"https:\/\/api.w.org\/{rel}","templated":true}]}}