{"id":2310,"date":"2018-07-25T11:45:59","date_gmt":"2018-07-25T15:45:59","guid":{"rendered":"https:\/\/www.groupedemexcentrem.com\/demex-the-company\/nos-affiliations\/"},"modified":"2021-08-23T17:08:29","modified_gmt":"2021-08-23T21:08:29","slug":"our-certifications-and-affiliations","status":"publish","type":"page","link":"https:\/\/www.groupedemexcentrem.com\/en\/demex\/our-certifications-and-affiliations\/","title":{"rendered":"Our Certifications and Affiliations"},"content":{"rendered":"<p>&nbsp;<\/p>\n<div style=\"display: flex; flex-wrap: wrap; justify-content: space-between; align-items: center;\"><a href=\"https:\/\/www.pes.rbq.gouv.qc.ca\/RegistreLicences\/Recherche\/Resultats?mode=Entreprise&amp;crit=eyJNZXNzYWdlVmFsaWRhdGlvbiI6IlJETC1FLTAwMyIsIk5vbUVudHJlcHJpc2UiOm51bGwsIk5vbUVudHJlcHJpc2VSZWNoZXJjaGUiOiIiLCJOb0xpY2VuY2UiOiIyNDMwMDE2MjA4IiwiTkVRIjpudWxsLCJOb1RlbGVwaG9uZSI6bnVsbCwiTm9tIjpudWxsLCJQcmVub20iOm51bGwsIkNvZGVSZWdpb25BZG1pbmlzdHJhdGl2ZSI6bnVsbCwiQ29kZVBvc3RhbCI6bnVsbCwiSWRTb3VzQ2F0ZWdvcmllMSI6bnVsbCwiSWRTb3VzQ2F0ZWdvcmllMiI6bnVsbCwiSWRTb3VzQ2F0ZWdvcmllMyI6bnVsbH0%3D\" target=\"_blank\" rel=\"noopener noreferrer\"><img loading=\"lazy\" decoding=\"async\" class=\"lazy alignnone wp-image-1065\" src=\"https:\/\/www.groupedemexcentrem.com\/wp-content\/themes\/nubee\/library\/images\/blank.png\" data-original=\"http:\/\/www.groupedemexcentrem.com\/wp-content\/uploads\/2018\/10\/rbq-1.png\" alt=\"\" width=\"327\" height=\"118\" \/><\/a> <a href=\"https:\/\/www.cnesst.gouv.qc.ca\/Pages\/accueil.aspx\" target=\"_blank\" rel=\"noopener noreferrer\"><img loading=\"lazy\" decoding=\"async\" class=\"lazy alignnone wp-image-1028\" src=\"https:\/\/www.groupedemexcentrem.com\/wp-content\/themes\/nubee\/library\/images\/blank.png\" data-original=\"http:\/\/www.groupedemexcentrem.com\/wp-content\/uploads\/2018\/10\/cnesst.png\" alt=\"\" width=\"294\" height=\"130\" \/><\/a> <a href=\"https:\/\/www.worksafebc.com\/fr\" target=\"_blank\" rel=\"noopener noreferrer\"><img loading=\"lazy\" decoding=\"async\" class=\"lazy alignnone wp-image-3310\" src=\"https:\/\/www.groupedemexcentrem.com\/wp-content\/themes\/nubee\/library\/images\/blank.png\" data-original=\"http:\/\/www.groupedemexcentrem.com\/wp-content\/uploads\/2019\/07\/worksafebc.jpg\" alt=\"\" width=\"377\" height=\"188\" \/><\/a> <a href=\"https:\/\/amp.gouv.qc.ca\/accueil\/\" target=\"_blank\" rel=\"noopener noreferrer\"><img loading=\"lazy\" decoding=\"async\" class=\"lazy alignnone wp-image-2891 size-full\" src=\"https:\/\/www.groupedemexcentrem.com\/wp-content\/themes\/nubee\/library\/images\/blank.png\" data-original=\"http:\/\/www.groupedemexcentrem.com\/wp-content\/uploads\/2019\/07\/amp.png\" alt=\"\" width=\"225\" height=\"225\" \/><\/a> <a href=\"https:\/\/www.bnq.qc.ca\/fr\/clients-certifies.html?nomentreprise=d%C3%A9molition+et+excavation+d%C3%A9mex+inc&amp;noCertificat=#recherche_rcc_input\" target=\"_blank\" rel=\"noopener noreferrer\"><img loading=\"lazy\" decoding=\"async\" class=\"lazy alignnone wp-image-3889 size-full\" src=\"https:\/\/www.groupedemexcentrem.com\/wp-content\/themes\/nubee\/library\/images\/blank.png\" data-original=\"http:\/\/www.groupedemexcentrem.com\/wp-content\/uploads\/2021\/08\/bnq_logocs_iso9001-an_rgb-e1629752851702.jpg\" alt=\"\" width=\"285\" height=\"150\" \/><\/a> <a href=\"https:\/\/www.3rmcdq.qc.ca\/\" target=\"_blank\" rel=\"noopener noreferrer\"><img loading=\"lazy\" decoding=\"async\" class=\"lazy alignnone wp-image-1035\" src=\"https:\/\/www.groupedemexcentrem.com\/wp-content\/themes\/nubee\/library\/images\/blank.png\" data-original=\"http:\/\/www.groupedemexcentrem.com\/wp-content\/uploads\/2018\/10\/mcdq.png\" alt=\"\" width=\"291\" height=\"131\" \/><\/a> <a href=\"https:\/\/www.acq.org\/\" target=\"_blank\" rel=\"noopener noreferrer\"><img loading=\"lazy\" decoding=\"async\" class=\"lazy alignnone wp-image-1037\" src=\"https:\/\/www.groupedemexcentrem.com\/wp-content\/themes\/nubee\/library\/images\/blank.png\" data-original=\"http:\/\/www.groupedemexcentrem.com\/wp-content\/uploads\/2018\/10\/acq.jpg\" alt=\"\" width=\"249\" height=\"161\" \/><\/a> <a href=\"https:\/\/www.acrgtq.qc.ca\/\" target=\"_blank\" rel=\"noopener noreferrer\"><img loading=\"lazy\" decoding=\"async\" class=\"lazy alignnone wp-image-1039\" src=\"https:\/\/www.groupedemexcentrem.com\/wp-content\/themes\/nubee\/library\/images\/blank.png\" data-original=\"http:\/\/www.groupedemexcentrem.com\/wp-content\/uploads\/2018\/10\/acrgtq.jpg\" alt=\"\" width=\"353\" height=\"205\" \/><\/a> <a href=\"https:\/\/www.avetta.com\/\" target=\"_blank\" rel=\"noopener noreferrer\"><img loading=\"lazy\" decoding=\"async\" class=\"lazy alignnone  wp-image-1043\" src=\"https:\/\/www.groupedemexcentrem.com\/wp-content\/themes\/nubee\/library\/images\/blank.png\" data-original=\"http:\/\/www.groupedemexcentrem.com\/wp-content\/uploads\/2018\/10\/avetta.jpg\" alt=\"\" width=\"140\" height=\"140\" \/><\/a> <a href=\"https:\/\/www.cognibox.com\/fr\/\" target=\"_blank\" rel=\"noopener noreferrer\"><img loading=\"lazy\" decoding=\"async\" class=\"lazy alignnone  wp-image-1045\" src=\"https:\/\/www.groupedemexcentrem.com\/wp-content\/themes\/nubee\/library\/images\/blank.png\" data-original=\"http:\/\/www.groupedemexcentrem.com\/wp-content\/uploads\/2018\/10\/cognibox.png\" alt=\"\" width=\"262\" height=\"57\" \/><\/a> <a href=\"https:\/\/www.isnetworld.com\/fr\/\" target=\"_blank\" rel=\"noopener noreferrer\"><img loading=\"lazy\" decoding=\"async\" class=\"lazy alignnone  wp-image-1047\" src=\"https:\/\/www.groupedemexcentrem.com\/wp-content\/themes\/nubee\/library\/images\/blank.png\" data-original=\"http:\/\/www.groupedemexcentrem.com\/wp-content\/uploads\/2018\/10\/isnworld.jpg\" alt=\"\" width=\"163\" height=\"150\" \/><\/a> <a href=\"https:\/\/www.oracle.com\/ca-fr\/index.html\" target=\"_blank\" rel=\"noopener noreferrer\"><img loading=\"lazy\" decoding=\"async\" class=\"lazy alignnone  wp-image-1049\" src=\"https:\/\/www.groupedemexcentrem.com\/wp-content\/themes\/nubee\/library\/images\/blank.png\" data-original=\"http:\/\/www.groupedemexcentrem.com\/wp-content\/uploads\/2018\/10\/aconex.jpg\" alt=\"\" width=\"189\" height=\"189\" \/><\/a> <a href=\"https:\/\/nimbi.com.br\/?lang=en\" target=\"_blank\" rel=\"noopener noreferrer\"><img loading=\"lazy\" decoding=\"async\" class=\"lazy alignnone wp-image-2184\" src=\"https:\/\/www.groupedemexcentrem.com\/wp-content\/themes\/nubee\/library\/images\/blank.png\" data-original=\"http:\/\/www.groupedemexcentrem.com\/wp-content\/uploads\/2019\/04\/nimbi.jpg\" alt=\"\" width=\"158\" height=\"85\" \/><\/a> <img loading=\"lazy\" decoding=\"async\" class=\"lazy alignnone wp-image-3861\" src=\"https:\/\/www.groupedemexcentrem.com\/wp-content\/themes\/nubee\/library\/images\/blank.png\" data-original=\"http:\/\/www.groupedemexcentrem.com\/wp-content\/uploads\/2021\/07\/certif-argent-demex.png\" alt=\"\" width=\"142\" height=\"140\" \/> <img loading=\"lazy\" decoding=\"async\" class=\"lazy alignnone  wp-image-3787\" src=\"https:\/\/www.groupedemexcentrem.com\/wp-content\/themes\/nubee\/library\/images\/blank.png\" data-original=\"http:\/\/www.groupedemexcentrem.com\/wp-content\/uploads\/2020\/10\/elitemanagementsst.png\" alt=\"\" width=\"366\" height=\"88\" \/><\/div>\n<p>A professional contractor registered in good standing with the <strong>R\u00e9gie des b\u00e2timents du Qu\u00e9bec<\/strong>, <strong>CNESST<\/strong> and the <strong>AMP<\/strong>, D\u00e9mex is also certified <strong>ISO 9001: 2015<\/strong>.<\/p>\n<p>To ensure that D\u00e9mex meets the pre-qualification criteria of its clients, we are also registered with <strong>Avetta<\/strong>, <strong>Cognibox<\/strong>, <strong>ISN World<\/strong>, <strong>Aconex<\/strong> and <strong>Nimbi<\/strong>.<\/p>\n<p>D\u00e9mex is a member of several associations, including the Regroupement des r\u00e9cup\u00e9rateurs et recycleurs de mat\u00e9riaux de construction et d\u00e9molition du Qu\u00e9bec (<strong>3RMCDQ<\/strong>), the Construction Association of Quebec (<strong>ACQ<\/strong>), the Association of Road Builders and major works of the Quebec (<strong>ACGRTQ<\/strong>) and the Quebec Association of Construction and Housing Professionals (<strong>APCHA<\/strong>).<\/p>\n<p>In order to ensure the health and safety of our employees and the public, as well as compliance with all applicable laws and standards, D\u00e9mex constantly strives to promote and implement its following programs and policies:<\/p>\n<ul style=\"list-style-type: disc;\">\n<li>Quality Policy<\/li>\n<li>General Prevention and Risk Analysis Program<\/li>\n<li>Environmental Management Program<\/li>\n<li>Anti-harassment Policy<\/li>\n<li>Workplace Drugs and Alcohol Policy<\/li>\n<\/ul>\n<p>&nbsp;<\/p>\n<p><a class=\"button\" href=\"http:\/\/www.groupedemexcentrem.com\/en\/demex\/quality-policy\/\">See our Quality Policy<\/a><\/p>\n","protected":false},"excerpt":{"rendered":"<p>&nbsp; A professional contractor registered in good standing with the R\u00e9gie des b\u00e2timents du Qu\u00e9bec, CNESST and the AMP, D\u00e9mex is also certified ISO 9001: 2015. To ensure that D\u00e9mex meets the pre-qualification criteria of its clients, we are also registered with Avetta, Cognibox, ISN World, Aconex and Nimbi. D\u00e9mex is a member of several&#8230;  <a class=\"excerpt-read-more\" href=\"https:\/\/www.groupedemexcentrem.com\/en\/demex\/our-certifications-and-affiliations\/\" title=\"Read Our Certifications and Affiliations\">Read more &raquo;<\/a><\/p>\n","protected":false},"author":1,"featured_media":0,"parent":461,"menu_order":23,"comment_status":"closed","ping_status":"closed","template":"","meta":{"_acf_changed":false,"footnotes":""},"class_list":["post-2310","page","type-page","status-publish","hentry"],"acf":[],"yoast_head":"<!-- This site is optimized with the Yoast SEO plugin v27.4 - https:\/\/yoast.com\/product\/yoast-seo-wordpress\/ -->\n<title>Our Certifications and Affiliations | Demex-Centrem group<\/title>\n<meta name=\"description\" content=\"A professional contractor registered in good standing with the R\u00e9gie des b\u00e2timents du Qu\u00e9bec, CNESST and the AMF, D\u00e9mex is also certified ISO 9001: 2015.\" \/>\n<meta name=\"robots\" content=\"index, follow, max-snippet:-1, max-image-preview:large, max-video-preview:-1\" \/>\n<link rel=\"canonical\" href=\"https:\/\/www.groupedemexcentrem.com\/en\/demex\/our-certifications-and-affiliations\/\" \/>\n<meta property=\"og:locale\" content=\"en_US\" \/>\n<meta property=\"og:type\" content=\"article\" \/>\n<meta property=\"og:title\" content=\"Our Certifications and Affiliations | Demex-Centrem group\" \/>\n<meta property=\"og:description\" content=\"A professional contractor registered in good standing with the R\u00e9gie des b\u00e2timents du Qu\u00e9bec, CNESST and the AMF, D\u00e9mex is also certified ISO 9001: 2015.\" \/>\n<meta property=\"og:url\" content=\"https:\/\/www.groupedemexcentrem.com\/en\/demex\/our-certifications-and-affiliations\/\" \/>\n<meta property=\"og:site_name\" content=\"Demex-Centrem group\" \/>\n<meta property=\"article:publisher\" content=\"https:\/\/www.facebook.com\/D%c3%a9mex-129126640571982\/\" \/>\n<meta property=\"article:modified_time\" content=\"2021-08-23T21:08:29+00:00\" \/>\n<meta property=\"og:image\" content=\"http:\/\/www.groupedemexcentrem.com\/wp-content\/uploads\/2018\/10\/rbq-1.png\" \/>\n<meta name=\"twitter:card\" content=\"summary_large_image\" \/>\n<meta name=\"twitter:site\" content=\"@Demex00545143\" \/>\n<meta name=\"twitter:label1\" content=\"Est. reading time\" \/>\n\t<meta name=\"twitter:data1\" content=\"4 minutes\" \/>\n<script type=\"application\/ld+json\" class=\"yoast-schema-graph\">{\"@context\":\"https:\\\/\\\/schema.org\",\"@graph\":[{\"@type\":\"WebPage\",\"@id\":\"https:\\\/\\\/www.groupedemexcentrem.com\\\/en\\\/demex\\\/our-certifications-and-affiliations\\\/\",\"url\":\"https:\\\/\\\/www.groupedemexcentrem.com\\\/en\\\/demex\\\/our-certifications-and-affiliations\\\/\",\"name\":\"Our Certifications and Affiliations | Demex-Centrem group\",\"isPartOf\":{\"@id\":\"https:\\\/\\\/www.groupedemexcentrem.com\\\/en\\\/#website\"},\"primaryImageOfPage\":{\"@id\":\"https:\\\/\\\/www.groupedemexcentrem.com\\\/en\\\/demex\\\/our-certifications-and-affiliations\\\/#primaryimage\"},\"image\":{\"@id\":\"https:\\\/\\\/www.groupedemexcentrem.com\\\/en\\\/demex\\\/our-certifications-and-affiliations\\\/#primaryimage\"},\"thumbnailUrl\":\"http:\\\/\\\/www.groupedemexcentrem.com\\\/wp-content\\\/uploads\\\/2018\\\/10\\\/rbq-1.png\",\"datePublished\":\"2018-07-25T15:45:59+00:00\",\"dateModified\":\"2021-08-23T21:08:29+00:00\",\"description\":\"A professional contractor registered in good standing with the R\u00e9gie des b\u00e2timents du Qu\u00e9bec, CNESST and the AMF, D\u00e9mex is also certified ISO 9001: 2015.\",\"breadcrumb\":{\"@id\":\"https:\\\/\\\/www.groupedemexcentrem.com\\\/en\\\/demex\\\/our-certifications-and-affiliations\\\/#breadcrumb\"},\"inLanguage\":\"en-US\",\"potentialAction\":[{\"@type\":\"ReadAction\",\"target\":[\"https:\\\/\\\/www.groupedemexcentrem.com\\\/en\\\/demex\\\/our-certifications-and-affiliations\\\/\"]}]},{\"@type\":\"ImageObject\",\"inLanguage\":\"en-US\",\"@id\":\"https:\\\/\\\/www.groupedemexcentrem.com\\\/en\\\/demex\\\/our-certifications-and-affiliations\\\/#primaryimage\",\"url\":\"http:\\\/\\\/www.groupedemexcentrem.com\\\/wp-content\\\/uploads\\\/2018\\\/10\\\/rbq-1.png\",\"contentUrl\":\"http:\\\/\\\/www.groupedemexcentrem.com\\\/wp-content\\\/uploads\\\/2018\\\/10\\\/rbq-1.png\"},{\"@type\":\"BreadcrumbList\",\"@id\":\"https:\\\/\\\/www.groupedemexcentrem.com\\\/en\\\/demex\\\/our-certifications-and-affiliations\\\/#breadcrumb\",\"itemListElement\":[{\"@type\":\"ListItem\",\"position\":1,\"name\":\"Accueil\",\"item\":\"https:\\\/\\\/www.groupedemexcentrem.com\\\/en\\\/\"},{\"@type\":\"ListItem\",\"position\":2,\"name\":\"D\u00e9mex\",\"item\":\"https:\\\/\\\/www.groupedemexcentrem.com\\\/en\\\/demex\\\/\"},{\"@type\":\"ListItem\",\"position\":3,\"name\":\"Our Certifications and Affiliations\"}]},{\"@type\":\"WebSite\",\"@id\":\"https:\\\/\\\/www.groupedemexcentrem.com\\\/en\\\/#website\",\"url\":\"https:\\\/\\\/www.groupedemexcentrem.com\\\/en\\\/\",\"name\":\"Demex-Centrem group\",\"description\":\"\",\"publisher\":{\"@id\":\"https:\\\/\\\/www.groupedemexcentrem.com\\\/en\\\/#organization\"},\"potentialAction\":[{\"@type\":\"SearchAction\",\"target\":{\"@type\":\"EntryPoint\",\"urlTemplate\":\"https:\\\/\\\/www.groupedemexcentrem.com\\\/en\\\/?s={search_term_string}\"},\"query-input\":{\"@type\":\"PropertyValueSpecification\",\"valueRequired\":true,\"valueName\":\"search_term_string\"}}],\"inLanguage\":\"en-US\"},{\"@type\":\"Organization\",\"@id\":\"https:\\\/\\\/www.groupedemexcentrem.com\\\/en\\\/#organization\",\"name\":\"Groupe D\u00e9mex-Centrem\",\"url\":\"https:\\\/\\\/www.groupedemexcentrem.com\\\/en\\\/\",\"logo\":{\"@type\":\"ImageObject\",\"inLanguage\":\"en-US\",\"@id\":\"https:\\\/\\\/www.groupedemexcentrem.com\\\/en\\\/#\\\/schema\\\/logo\\\/image\\\/\",\"url\":\"https:\\\/\\\/www.groupedemexcentrem.com\\\/wp-content\\\/uploads\\\/2019\\\/09\\\/groupe-demex-centrem.png\",\"contentUrl\":\"https:\\\/\\\/www.groupedemexcentrem.com\\\/wp-content\\\/uploads\\\/2019\\\/09\\\/groupe-demex-centrem.png\",\"width\":651,\"height\":415,\"caption\":\"Groupe D\u00e9mex-Centrem\"},\"image\":{\"@id\":\"https:\\\/\\\/www.groupedemexcentrem.com\\\/en\\\/#\\\/schema\\\/logo\\\/image\\\/\"},\"sameAs\":[\"https:\\\/\\\/www.facebook.com\\\/D\u00e9mex-129126640571982\\\/\",\"https:\\\/\\\/x.com\\\/Demex00545143\",\"https:\\\/\\\/fr.linkedin.com\\\/company\\\/demex-inc.\",\"https:\\\/\\\/www.youtube.com\\\/channel\\\/UCpeX1t8JxRJG6LDe1tKRsSg\\\/featured\"]}]}<\/script>\n<!-- \/ Yoast SEO plugin. -->","yoast_head_json":{"title":"Our Certifications and Affiliations | Demex-Centrem group","description":"A professional contractor registered in good standing with the R\u00e9gie des b\u00e2timents du Qu\u00e9bec, CNESST and the AMF, D\u00e9mex is also certified ISO 9001: 2015.","robots":{"index":"index","follow":"follow","max-snippet":"max-snippet:-1","max-image-preview":"max-image-preview:large","max-video-preview":"max-video-preview:-1"},"canonical":"https:\/\/www.groupedemexcentrem.com\/en\/demex\/our-certifications-and-affiliations\/","og_locale":"en_US","og_type":"article","og_title":"Our Certifications and Affiliations | Demex-Centrem group","og_description":"A professional contractor registered in good standing with the R\u00e9gie des b\u00e2timents du Qu\u00e9bec, CNESST and the AMF, D\u00e9mex is also certified ISO 9001: 2015.","og_url":"https:\/\/www.groupedemexcentrem.com\/en\/demex\/our-certifications-and-affiliations\/","og_site_name":"Demex-Centrem group","article_publisher":"https:\/\/www.facebook.com\/D%c3%a9mex-129126640571982\/","article_modified_time":"2021-08-23T21:08:29+00:00","og_image":[{"url":"http:\/\/www.groupedemexcentrem.com\/wp-content\/uploads\/2018\/10\/rbq-1.png","type":"","width":"","height":""}],"twitter_card":"summary_large_image","twitter_site":"@Demex00545143","twitter_misc":{"Est. reading time":"4 minutes"},"schema":{"@context":"https:\/\/schema.org","@graph":[{"@type":"WebPage","@id":"https:\/\/www.groupedemexcentrem.com\/en\/demex\/our-certifications-and-affiliations\/","url":"https:\/\/www.groupedemexcentrem.com\/en\/demex\/our-certifications-and-affiliations\/","name":"Our Certifications and Affiliations | Demex-Centrem group","isPartOf":{"@id":"https:\/\/www.groupedemexcentrem.com\/en\/#website"},"primaryImageOfPage":{"@id":"https:\/\/www.groupedemexcentrem.com\/en\/demex\/our-certifications-and-affiliations\/#primaryimage"},"image":{"@id":"https:\/\/www.groupedemexcentrem.com\/en\/demex\/our-certifications-and-affiliations\/#primaryimage"},"thumbnailUrl":"http:\/\/www.groupedemexcentrem.com\/wp-content\/uploads\/2018\/10\/rbq-1.png","datePublished":"2018-07-25T15:45:59+00:00","dateModified":"2021-08-23T21:08:29+00:00","description":"A professional contractor registered in good standing with the R\u00e9gie des b\u00e2timents du Qu\u00e9bec, CNESST and the AMF, D\u00e9mex is also certified ISO 9001: 2015.","breadcrumb":{"@id":"https:\/\/www.groupedemexcentrem.com\/en\/demex\/our-certifications-and-affiliations\/#breadcrumb"},"inLanguage":"en-US","potentialAction":[{"@type":"ReadAction","target":["https:\/\/www.groupedemexcentrem.com\/en\/demex\/our-certifications-and-affiliations\/"]}]},{"@type":"ImageObject","inLanguage":"en-US","@id":"https:\/\/www.groupedemexcentrem.com\/en\/demex\/our-certifications-and-affiliations\/#primaryimage","url":"http:\/\/www.groupedemexcentrem.com\/wp-content\/uploads\/2018\/10\/rbq-1.png","contentUrl":"http:\/\/www.groupedemexcentrem.com\/wp-content\/uploads\/2018\/10\/rbq-1.png"},{"@type":"BreadcrumbList","@id":"https:\/\/www.groupedemexcentrem.com\/en\/demex\/our-certifications-and-affiliations\/#breadcrumb","itemListElement":[{"@type":"ListItem","position":1,"name":"Accueil","item":"https:\/\/www.groupedemexcentrem.com\/en\/"},{"@type":"ListItem","position":2,"name":"D\u00e9mex","item":"https:\/\/www.groupedemexcentrem.com\/en\/demex\/"},{"@type":"ListItem","position":3,"name":"Our Certifications and Affiliations"}]},{"@type":"WebSite","@id":"https:\/\/www.groupedemexcentrem.com\/en\/#website","url":"https:\/\/www.groupedemexcentrem.com\/en\/","name":"Demex-Centrem group","description":"","publisher":{"@id":"https:\/\/www.groupedemexcentrem.com\/en\/#organization"},"potentialAction":[{"@type":"SearchAction","target":{"@type":"EntryPoint","urlTemplate":"https:\/\/www.groupedemexcentrem.com\/en\/?s={search_term_string}"},"query-input":{"@type":"PropertyValueSpecification","valueRequired":true,"valueName":"search_term_string"}}],"inLanguage":"en-US"},{"@type":"Organization","@id":"https:\/\/www.groupedemexcentrem.com\/en\/#organization","name":"Groupe D\u00e9mex-Centrem","url":"https:\/\/www.groupedemexcentrem.com\/en\/","logo":{"@type":"ImageObject","inLanguage":"en-US","@id":"https:\/\/www.groupedemexcentrem.com\/en\/#\/schema\/logo\/image\/","url":"https:\/\/www.groupedemexcentrem.com\/wp-content\/uploads\/2019\/09\/groupe-demex-centrem.png","contentUrl":"https:\/\/www.groupedemexcentrem.com\/wp-content\/uploads\/2019\/09\/groupe-demex-centrem.png","width":651,"height":415,"caption":"Groupe D\u00e9mex-Centrem"},"image":{"@id":"https:\/\/www.groupedemexcentrem.com\/en\/#\/schema\/logo\/image\/"},"sameAs":["https:\/\/www.facebook.com\/D\u00e9mex-129126640571982\/","https:\/\/x.com\/Demex00545143","https:\/\/fr.linkedin.com\/company\/demex-inc.","https:\/\/www.youtube.com\/channel\/UCpeX1t8JxRJG6LDe1tKRsSg\/featured"]}]}},"_links":{"self":[{"href":"https:\/\/www.groupedemexcentrem.com\/en\/wp-json\/wp\/v2\/pages\/2310","targetHints":{"allow":["GET"]}}],"collection":[{"href":"https:\/\/www.groupedemexcentrem.com\/en\/wp-json\/wp\/v2\/pages"}],"about":[{"href":"https:\/\/www.groupedemexcentrem.com\/en\/wp-json\/wp\/v2\/types\/page"}],"author":[{"embeddable":true,"href":"https:\/\/www.groupedemexcentrem.com\/en\/wp-json\/wp\/v2\/users\/1"}],"replies":[{"embeddable":true,"href":"https:\/\/www.groupedemexcentrem.com\/en\/wp-json\/wp\/v2\/comments?post=2310"}],"version-history":[{"count":10,"href":"https:\/\/www.groupedemexcentrem.com\/en\/wp-json\/wp\/v2\/pages\/2310\/revisions"}],"predecessor-version":[{"id":3892,"href":"https:\/\/www.groupedemexcentrem.com\/en\/wp-json\/wp\/v2\/pages\/2310\/revisions\/3892"}],"up":[{"embeddable":true,"href":"https:\/\/www.groupedemexcentrem.com\/en\/wp-json\/wp\/v2\/pages\/461"}],"wp:attachment":[{"href":"https:\/\/www.groupedemexcentrem.com\/en\/wp-json\/wp\/v2\/media?parent=2310"}],"curies":[{"name":"wp","href":"https:\/\/api.w.org\/{rel}","templated":true}]}}