{"id":2318,"date":"2018-07-25T11:41:13","date_gmt":"2018-07-25T15:41:13","guid":{"rendered":"https:\/\/www.groupedemexcentrem.com\/demex-the-company\/politique-qualite\/"},"modified":"2020-01-27T09:08:46","modified_gmt":"2020-01-27T14:08:46","slug":"quality-policy","status":"publish","type":"page","link":"https:\/\/www.groupedemexcentrem.com\/en\/demex\/quality-policy\/","title":{"rendered":"Quality Policy"},"content":{"rendered":"<p>Striving for excellence in business development remains a priority. As such, we are focused on meeting customer requirements, especially where OHS\/environment, quality, schedules and project budgets are concerned for all projects.<\/p>\n<p>D\u00e9mex is ISO 9001:2015 certified.<\/p>\n<p><a href=\"http:\/\/www.groupedemexcentrem.com\/wp-content\/uploads\/2019\/07\/dmex-quality-policy-2019-1.pdf\">2019 QUALITY POLICY AT D\u00c9MEX<\/a><\/p>\n<p>Through its leadership and actions, D\u00e9mex management ensures a work environment within which its internal resources are fully integrated and where our quality management system functions effectively, benefiting all parties involved.<\/p>\n<p>\u00a0<a class=\"button\" href=\"http:\/\/www.groupedemexcentrem.com\/en\/demex-the-company\/health-safety-environment\/\">Health, Safety &amp; the Environment<\/a><\/p>\n","protected":false},"excerpt":{"rendered":"<p>Striving for excellence in business development remains a priority. As such, we are focused on meeting customer requirements, especially where OHS\/environment, quality, schedules and project budgets are concerned for all projects. D\u00e9mex is ISO 9001:2015 certified. 2019 QUALITY POLICY AT D\u00c9MEX Through its leadership and actions, D\u00e9mex management ensures a work environment within which its&#8230;  <a class=\"excerpt-read-more\" href=\"https:\/\/www.groupedemexcentrem.com\/en\/demex\/quality-policy\/\" title=\"Read Quality Policy\">Read more &raquo;<\/a><\/p>\n","protected":false},"author":1,"featured_media":0,"parent":461,"menu_order":27,"comment_status":"closed","ping_status":"closed","template":"","meta":{"_acf_changed":false,"footnotes":""},"class_list":["post-2318","page","type-page","status-publish","hentry"],"acf":[],"yoast_head":"<!-- This site is optimized with the Yoast SEO plugin v27.4 - https:\/\/yoast.com\/product\/yoast-seo-wordpress\/ -->\n<title>Quality Policy | Demex-Centrem group<\/title>\n<meta name=\"description\" content=\"Through its leadership and actions, the management of D\u00e9mex ensures a working environment in which its internal resources are fully involved and within\" \/>\n<meta name=\"robots\" content=\"index, follow, max-snippet:-1, max-image-preview:large, max-video-preview:-1\" \/>\n<link rel=\"canonical\" href=\"https:\/\/www.groupedemexcentrem.com\/en\/demex\/quality-policy\/\" \/>\n<meta property=\"og:locale\" content=\"en_US\" \/>\n<meta property=\"og:type\" content=\"article\" \/>\n<meta property=\"og:title\" content=\"Quality Policy | Demex-Centrem group\" \/>\n<meta property=\"og:description\" content=\"Through its leadership and actions, the management of D\u00e9mex ensures a working environment in which its internal resources are fully involved and within\" \/>\n<meta property=\"og:url\" content=\"https:\/\/www.groupedemexcentrem.com\/en\/demex\/quality-policy\/\" \/>\n<meta property=\"og:site_name\" content=\"Demex-Centrem group\" \/>\n<meta property=\"article:publisher\" content=\"https:\/\/www.facebook.com\/D%c3%a9mex-129126640571982\/\" \/>\n<meta property=\"article:modified_time\" content=\"2020-01-27T14:08:46+00:00\" \/>\n<meta name=\"twitter:card\" content=\"summary_large_image\" \/>\n<meta name=\"twitter:site\" content=\"@Demex00545143\" \/>\n<script type=\"application\/ld+json\" class=\"yoast-schema-graph\">{\"@context\":\"https:\\\/\\\/schema.org\",\"@graph\":[{\"@type\":\"WebPage\",\"@id\":\"https:\\\/\\\/www.groupedemexcentrem.com\\\/en\\\/demex\\\/quality-policy\\\/\",\"url\":\"https:\\\/\\\/www.groupedemexcentrem.com\\\/en\\\/demex\\\/quality-policy\\\/\",\"name\":\"Quality Policy | Demex-Centrem group\",\"isPartOf\":{\"@id\":\"https:\\\/\\\/www.groupedemexcentrem.com\\\/en\\\/#website\"},\"datePublished\":\"2018-07-25T15:41:13+00:00\",\"dateModified\":\"2020-01-27T14:08:46+00:00\",\"description\":\"Through its leadership and actions, the management of D\u00e9mex ensures a working environment in which its internal resources are fully involved and within\",\"breadcrumb\":{\"@id\":\"https:\\\/\\\/www.groupedemexcentrem.com\\\/en\\\/demex\\\/quality-policy\\\/#breadcrumb\"},\"inLanguage\":\"en-US\",\"potentialAction\":[{\"@type\":\"ReadAction\",\"target\":[\"https:\\\/\\\/www.groupedemexcentrem.com\\\/en\\\/demex\\\/quality-policy\\\/\"]}]},{\"@type\":\"BreadcrumbList\",\"@id\":\"https:\\\/\\\/www.groupedemexcentrem.com\\\/en\\\/demex\\\/quality-policy\\\/#breadcrumb\",\"itemListElement\":[{\"@type\":\"ListItem\",\"position\":1,\"name\":\"Accueil\",\"item\":\"https:\\\/\\\/www.groupedemexcentrem.com\\\/en\\\/\"},{\"@type\":\"ListItem\",\"position\":2,\"name\":\"D\u00e9mex\",\"item\":\"https:\\\/\\\/www.groupedemexcentrem.com\\\/en\\\/demex\\\/\"},{\"@type\":\"ListItem\",\"position\":3,\"name\":\"Quality Policy\"}]},{\"@type\":\"WebSite\",\"@id\":\"https:\\\/\\\/www.groupedemexcentrem.com\\\/en\\\/#website\",\"url\":\"https:\\\/\\\/www.groupedemexcentrem.com\\\/en\\\/\",\"name\":\"Demex-Centrem group\",\"description\":\"\",\"publisher\":{\"@id\":\"https:\\\/\\\/www.groupedemexcentrem.com\\\/en\\\/#organization\"},\"potentialAction\":[{\"@type\":\"SearchAction\",\"target\":{\"@type\":\"EntryPoint\",\"urlTemplate\":\"https:\\\/\\\/www.groupedemexcentrem.com\\\/en\\\/?s={search_term_string}\"},\"query-input\":{\"@type\":\"PropertyValueSpecification\",\"valueRequired\":true,\"valueName\":\"search_term_string\"}}],\"inLanguage\":\"en-US\"},{\"@type\":\"Organization\",\"@id\":\"https:\\\/\\\/www.groupedemexcentrem.com\\\/en\\\/#organization\",\"name\":\"Groupe D\u00e9mex-Centrem\",\"url\":\"https:\\\/\\\/www.groupedemexcentrem.com\\\/en\\\/\",\"logo\":{\"@type\":\"ImageObject\",\"inLanguage\":\"en-US\",\"@id\":\"https:\\\/\\\/www.groupedemexcentrem.com\\\/en\\\/#\\\/schema\\\/logo\\\/image\\\/\",\"url\":\"https:\\\/\\\/www.groupedemexcentrem.com\\\/wp-content\\\/uploads\\\/2019\\\/09\\\/groupe-demex-centrem.png\",\"contentUrl\":\"https:\\\/\\\/www.groupedemexcentrem.com\\\/wp-content\\\/uploads\\\/2019\\\/09\\\/groupe-demex-centrem.png\",\"width\":651,\"height\":415,\"caption\":\"Groupe D\u00e9mex-Centrem\"},\"image\":{\"@id\":\"https:\\\/\\\/www.groupedemexcentrem.com\\\/en\\\/#\\\/schema\\\/logo\\\/image\\\/\"},\"sameAs\":[\"https:\\\/\\\/www.facebook.com\\\/D\u00e9mex-129126640571982\\\/\",\"https:\\\/\\\/x.com\\\/Demex00545143\",\"https:\\\/\\\/fr.linkedin.com\\\/company\\\/demex-inc.\",\"https:\\\/\\\/www.youtube.com\\\/channel\\\/UCpeX1t8JxRJG6LDe1tKRsSg\\\/featured\"]}]}<\/script>\n<!-- \/ Yoast SEO plugin. -->","yoast_head_json":{"title":"Quality Policy | Demex-Centrem group","description":"Through its leadership and actions, the management of D\u00e9mex ensures a working environment in which its internal resources are fully involved and within","robots":{"index":"index","follow":"follow","max-snippet":"max-snippet:-1","max-image-preview":"max-image-preview:large","max-video-preview":"max-video-preview:-1"},"canonical":"https:\/\/www.groupedemexcentrem.com\/en\/demex\/quality-policy\/","og_locale":"en_US","og_type":"article","og_title":"Quality Policy | Demex-Centrem group","og_description":"Through its leadership and actions, the management of D\u00e9mex ensures a working environment in which its internal resources are fully involved and within","og_url":"https:\/\/www.groupedemexcentrem.com\/en\/demex\/quality-policy\/","og_site_name":"Demex-Centrem group","article_publisher":"https:\/\/www.facebook.com\/D%c3%a9mex-129126640571982\/","article_modified_time":"2020-01-27T14:08:46+00:00","twitter_card":"summary_large_image","twitter_site":"@Demex00545143","schema":{"@context":"https:\/\/schema.org","@graph":[{"@type":"WebPage","@id":"https:\/\/www.groupedemexcentrem.com\/en\/demex\/quality-policy\/","url":"https:\/\/www.groupedemexcentrem.com\/en\/demex\/quality-policy\/","name":"Quality Policy | Demex-Centrem group","isPartOf":{"@id":"https:\/\/www.groupedemexcentrem.com\/en\/#website"},"datePublished":"2018-07-25T15:41:13+00:00","dateModified":"2020-01-27T14:08:46+00:00","description":"Through its leadership and actions, the management of D\u00e9mex ensures a working environment in which its internal resources are fully involved and within","breadcrumb":{"@id":"https:\/\/www.groupedemexcentrem.com\/en\/demex\/quality-policy\/#breadcrumb"},"inLanguage":"en-US","potentialAction":[{"@type":"ReadAction","target":["https:\/\/www.groupedemexcentrem.com\/en\/demex\/quality-policy\/"]}]},{"@type":"BreadcrumbList","@id":"https:\/\/www.groupedemexcentrem.com\/en\/demex\/quality-policy\/#breadcrumb","itemListElement":[{"@type":"ListItem","position":1,"name":"Accueil","item":"https:\/\/www.groupedemexcentrem.com\/en\/"},{"@type":"ListItem","position":2,"name":"D\u00e9mex","item":"https:\/\/www.groupedemexcentrem.com\/en\/demex\/"},{"@type":"ListItem","position":3,"name":"Quality Policy"}]},{"@type":"WebSite","@id":"https:\/\/www.groupedemexcentrem.com\/en\/#website","url":"https:\/\/www.groupedemexcentrem.com\/en\/","name":"Demex-Centrem group","description":"","publisher":{"@id":"https:\/\/www.groupedemexcentrem.com\/en\/#organization"},"potentialAction":[{"@type":"SearchAction","target":{"@type":"EntryPoint","urlTemplate":"https:\/\/www.groupedemexcentrem.com\/en\/?s={search_term_string}"},"query-input":{"@type":"PropertyValueSpecification","valueRequired":true,"valueName":"search_term_string"}}],"inLanguage":"en-US"},{"@type":"Organization","@id":"https:\/\/www.groupedemexcentrem.com\/en\/#organization","name":"Groupe D\u00e9mex-Centrem","url":"https:\/\/www.groupedemexcentrem.com\/en\/","logo":{"@type":"ImageObject","inLanguage":"en-US","@id":"https:\/\/www.groupedemexcentrem.com\/en\/#\/schema\/logo\/image\/","url":"https:\/\/www.groupedemexcentrem.com\/wp-content\/uploads\/2019\/09\/groupe-demex-centrem.png","contentUrl":"https:\/\/www.groupedemexcentrem.com\/wp-content\/uploads\/2019\/09\/groupe-demex-centrem.png","width":651,"height":415,"caption":"Groupe D\u00e9mex-Centrem"},"image":{"@id":"https:\/\/www.groupedemexcentrem.com\/en\/#\/schema\/logo\/image\/"},"sameAs":["https:\/\/www.facebook.com\/D\u00e9mex-129126640571982\/","https:\/\/x.com\/Demex00545143","https:\/\/fr.linkedin.com\/company\/demex-inc.","https:\/\/www.youtube.com\/channel\/UCpeX1t8JxRJG6LDe1tKRsSg\/featured"]}]}},"_links":{"self":[{"href":"https:\/\/www.groupedemexcentrem.com\/en\/wp-json\/wp\/v2\/pages\/2318","targetHints":{"allow":["GET"]}}],"collection":[{"href":"https:\/\/www.groupedemexcentrem.com\/en\/wp-json\/wp\/v2\/pages"}],"about":[{"href":"https:\/\/www.groupedemexcentrem.com\/en\/wp-json\/wp\/v2\/types\/page"}],"author":[{"embeddable":true,"href":"https:\/\/www.groupedemexcentrem.com\/en\/wp-json\/wp\/v2\/users\/1"}],"replies":[{"embeddable":true,"href":"https:\/\/www.groupedemexcentrem.com\/en\/wp-json\/wp\/v2\/comments?post=2318"}],"version-history":[{"count":5,"href":"https:\/\/www.groupedemexcentrem.com\/en\/wp-json\/wp\/v2\/pages\/2318\/revisions"}],"predecessor-version":[{"id":3691,"href":"https:\/\/www.groupedemexcentrem.com\/en\/wp-json\/wp\/v2\/pages\/2318\/revisions\/3691"}],"up":[{"embeddable":true,"href":"https:\/\/www.groupedemexcentrem.com\/en\/wp-json\/wp\/v2\/pages\/461"}],"wp:attachment":[{"href":"https:\/\/www.groupedemexcentrem.com\/en\/wp-json\/wp\/v2\/media?parent=2318"}],"curies":[{"name":"wp","href":"https:\/\/api.w.org\/{rel}","templated":true}]}}