{"id":461,"date":"2018-03-16T14:42:58","date_gmt":"2018-03-16T18:42:58","guid":{"rendered":"https:\/\/www.groupedemexcentrem.com\/demex\/"},"modified":"2021-07-06T12:11:12","modified_gmt":"2021-07-06T16:11:12","slug":"demex","status":"publish","type":"page","link":"https:\/\/www.groupedemexcentrem.com\/en\/demex\/","title":{"rendered":"D\u00e9mex"},"content":{"rendered":"","protected":false},"excerpt":{"rendered":"","protected":false},"author":1,"featured_media":0,"parent":0,"menu_order":58,"comment_status":"closed","ping_status":"closed","template":"page-front.php","meta":{"_acf_changed":false,"footnotes":""},"class_list":["post-461","page","type-page","status-publish","hentry"],"acf":[],"yoast_head":"<!-- This site is optimized with the Yoast SEO plugin v27.5 - https:\/\/yoast.com\/product\/yoast-seo-wordpress\/ -->\n<title>D\u00e9mex | Demex-Centrem group<\/title>\n<meta name=\"description\" content=\"Founded in 1992, D\u00e9mex is a Canadian demolition, deconstruction and recycling company that is a leader in its field. The leaders of D\u00c9MEX are proud of the renown the company has acquired\" \/>\n<meta name=\"robots\" content=\"index, follow, max-snippet:-1, max-image-preview:large, max-video-preview:-1\" \/>\n<link rel=\"canonical\" href=\"https:\/\/www.groupedemexcentrem.com\/en\/demex\/\" \/>\n<meta property=\"og:locale\" content=\"en_US\" \/>\n<meta property=\"og:type\" content=\"article\" \/>\n<meta property=\"og:title\" content=\"D\u00e9mex | Demex-Centrem group\" \/>\n<meta property=\"og:description\" content=\"Founded in 1992, D\u00e9mex is a Canadian demolition, deconstruction and recycling company that is a leader in its field. The leaders of D\u00c9MEX are proud of the renown the company has acquired\" \/>\n<meta property=\"og:url\" content=\"https:\/\/www.groupedemexcentrem.com\/en\/demex\/\" \/>\n<meta property=\"og:site_name\" content=\"Demex-Centrem group\" \/>\n<meta property=\"article:publisher\" content=\"https:\/\/www.facebook.com\/D%c3%a9mex-129126640571982\/\" \/>\n<meta property=\"article:modified_time\" content=\"2021-07-06T16:11:12+00:00\" \/>\n<meta name=\"twitter:card\" content=\"summary_large_image\" \/>\n<meta name=\"twitter:site\" content=\"@Demex00545143\" \/>\n<script type=\"application\/ld+json\" class=\"yoast-schema-graph\">{\"@context\":\"https:\\\/\\\/schema.org\",\"@graph\":[{\"@type\":\"WebPage\",\"@id\":\"https:\\\/\\\/www.groupedemexcentrem.com\\\/en\\\/demex\\\/\",\"url\":\"https:\\\/\\\/www.groupedemexcentrem.com\\\/en\\\/demex\\\/\",\"name\":\"D\u00e9mex | Demex-Centrem group\",\"isPartOf\":{\"@id\":\"https:\\\/\\\/www.groupedemexcentrem.com\\\/en\\\/#website\"},\"datePublished\":\"2018-03-16T18:42:58+00:00\",\"dateModified\":\"2021-07-06T16:11:12+00:00\",\"description\":\"Founded in 1992, D\u00e9mex is a Canadian demolition, deconstruction and recycling company that is a leader in its field. The leaders of D\u00c9MEX are proud of the renown the company has acquired\",\"breadcrumb\":{\"@id\":\"https:\\\/\\\/www.groupedemexcentrem.com\\\/en\\\/demex\\\/#breadcrumb\"},\"inLanguage\":\"en-US\",\"potentialAction\":[{\"@type\":\"ReadAction\",\"target\":[\"https:\\\/\\\/www.groupedemexcentrem.com\\\/en\\\/demex\\\/\"]}]},{\"@type\":\"BreadcrumbList\",\"@id\":\"https:\\\/\\\/www.groupedemexcentrem.com\\\/en\\\/demex\\\/#breadcrumb\",\"itemListElement\":[{\"@type\":\"ListItem\",\"position\":1,\"name\":\"Accueil\",\"item\":\"https:\\\/\\\/www.groupedemexcentrem.com\\\/en\\\/\"},{\"@type\":\"ListItem\",\"position\":2,\"name\":\"D\u00e9mex\"}]},{\"@type\":\"WebSite\",\"@id\":\"https:\\\/\\\/www.groupedemexcentrem.com\\\/en\\\/#website\",\"url\":\"https:\\\/\\\/www.groupedemexcentrem.com\\\/en\\\/\",\"name\":\"Demex-Centrem group\",\"description\":\"\",\"publisher\":{\"@id\":\"https:\\\/\\\/www.groupedemexcentrem.com\\\/en\\\/#organization\"},\"potentialAction\":[{\"@type\":\"SearchAction\",\"target\":{\"@type\":\"EntryPoint\",\"urlTemplate\":\"https:\\\/\\\/www.groupedemexcentrem.com\\\/en\\\/?s={search_term_string}\"},\"query-input\":{\"@type\":\"PropertyValueSpecification\",\"valueRequired\":true,\"valueName\":\"search_term_string\"}}],\"inLanguage\":\"en-US\"},{\"@type\":\"Organization\",\"@id\":\"https:\\\/\\\/www.groupedemexcentrem.com\\\/en\\\/#organization\",\"name\":\"Groupe D\u00e9mex-Centrem\",\"url\":\"https:\\\/\\\/www.groupedemexcentrem.com\\\/en\\\/\",\"logo\":{\"@type\":\"ImageObject\",\"inLanguage\":\"en-US\",\"@id\":\"https:\\\/\\\/www.groupedemexcentrem.com\\\/en\\\/#\\\/schema\\\/logo\\\/image\\\/\",\"url\":\"https:\\\/\\\/www.groupedemexcentrem.com\\\/wp-content\\\/uploads\\\/2019\\\/09\\\/groupe-demex-centrem.png\",\"contentUrl\":\"https:\\\/\\\/www.groupedemexcentrem.com\\\/wp-content\\\/uploads\\\/2019\\\/09\\\/groupe-demex-centrem.png\",\"width\":651,\"height\":415,\"caption\":\"Groupe D\u00e9mex-Centrem\"},\"image\":{\"@id\":\"https:\\\/\\\/www.groupedemexcentrem.com\\\/en\\\/#\\\/schema\\\/logo\\\/image\\\/\"},\"sameAs\":[\"https:\\\/\\\/www.facebook.com\\\/D\u00e9mex-129126640571982\\\/\",\"https:\\\/\\\/x.com\\\/Demex00545143\",\"https:\\\/\\\/fr.linkedin.com\\\/company\\\/demex-inc.\",\"https:\\\/\\\/www.youtube.com\\\/channel\\\/UCpeX1t8JxRJG6LDe1tKRsSg\\\/featured\"]}]}<\/script>\n<!-- \/ Yoast SEO plugin. -->","yoast_head_json":{"title":"D\u00e9mex | Demex-Centrem group","description":"Founded in 1992, D\u00e9mex is a Canadian demolition, deconstruction and recycling company that is a leader in its field. The leaders of D\u00c9MEX are proud of the renown the company has acquired","robots":{"index":"index","follow":"follow","max-snippet":"max-snippet:-1","max-image-preview":"max-image-preview:large","max-video-preview":"max-video-preview:-1"},"canonical":"https:\/\/www.groupedemexcentrem.com\/en\/demex\/","og_locale":"en_US","og_type":"article","og_title":"D\u00e9mex | Demex-Centrem group","og_description":"Founded in 1992, D\u00e9mex is a Canadian demolition, deconstruction and recycling company that is a leader in its field. The leaders of D\u00c9MEX are proud of the renown the company has acquired","og_url":"https:\/\/www.groupedemexcentrem.com\/en\/demex\/","og_site_name":"Demex-Centrem group","article_publisher":"https:\/\/www.facebook.com\/D%c3%a9mex-129126640571982\/","article_modified_time":"2021-07-06T16:11:12+00:00","twitter_card":"summary_large_image","twitter_site":"@Demex00545143","schema":{"@context":"https:\/\/schema.org","@graph":[{"@type":"WebPage","@id":"https:\/\/www.groupedemexcentrem.com\/en\/demex\/","url":"https:\/\/www.groupedemexcentrem.com\/en\/demex\/","name":"D\u00e9mex | Demex-Centrem group","isPartOf":{"@id":"https:\/\/www.groupedemexcentrem.com\/en\/#website"},"datePublished":"2018-03-16T18:42:58+00:00","dateModified":"2021-07-06T16:11:12+00:00","description":"Founded in 1992, D\u00e9mex is a Canadian demolition, deconstruction and recycling company that is a leader in its field. The leaders of D\u00c9MEX are proud of the renown the company has acquired","breadcrumb":{"@id":"https:\/\/www.groupedemexcentrem.com\/en\/demex\/#breadcrumb"},"inLanguage":"en-US","potentialAction":[{"@type":"ReadAction","target":["https:\/\/www.groupedemexcentrem.com\/en\/demex\/"]}]},{"@type":"BreadcrumbList","@id":"https:\/\/www.groupedemexcentrem.com\/en\/demex\/#breadcrumb","itemListElement":[{"@type":"ListItem","position":1,"name":"Accueil","item":"https:\/\/www.groupedemexcentrem.com\/en\/"},{"@type":"ListItem","position":2,"name":"D\u00e9mex"}]},{"@type":"WebSite","@id":"https:\/\/www.groupedemexcentrem.com\/en\/#website","url":"https:\/\/www.groupedemexcentrem.com\/en\/","name":"Demex-Centrem group","description":"","publisher":{"@id":"https:\/\/www.groupedemexcentrem.com\/en\/#organization"},"potentialAction":[{"@type":"SearchAction","target":{"@type":"EntryPoint","urlTemplate":"https:\/\/www.groupedemexcentrem.com\/en\/?s={search_term_string}"},"query-input":{"@type":"PropertyValueSpecification","valueRequired":true,"valueName":"search_term_string"}}],"inLanguage":"en-US"},{"@type":"Organization","@id":"https:\/\/www.groupedemexcentrem.com\/en\/#organization","name":"Groupe D\u00e9mex-Centrem","url":"https:\/\/www.groupedemexcentrem.com\/en\/","logo":{"@type":"ImageObject","inLanguage":"en-US","@id":"https:\/\/www.groupedemexcentrem.com\/en\/#\/schema\/logo\/image\/","url":"https:\/\/www.groupedemexcentrem.com\/wp-content\/uploads\/2019\/09\/groupe-demex-centrem.png","contentUrl":"https:\/\/www.groupedemexcentrem.com\/wp-content\/uploads\/2019\/09\/groupe-demex-centrem.png","width":651,"height":415,"caption":"Groupe D\u00e9mex-Centrem"},"image":{"@id":"https:\/\/www.groupedemexcentrem.com\/en\/#\/schema\/logo\/image\/"},"sameAs":["https:\/\/www.facebook.com\/D\u00e9mex-129126640571982\/","https:\/\/x.com\/Demex00545143","https:\/\/fr.linkedin.com\/company\/demex-inc.","https:\/\/www.youtube.com\/channel\/UCpeX1t8JxRJG6LDe1tKRsSg\/featured"]}]}},"_links":{"self":[{"href":"https:\/\/www.groupedemexcentrem.com\/en\/wp-json\/wp\/v2\/pages\/461","targetHints":{"allow":["GET"]}}],"collection":[{"href":"https:\/\/www.groupedemexcentrem.com\/en\/wp-json\/wp\/v2\/pages"}],"about":[{"href":"https:\/\/www.groupedemexcentrem.com\/en\/wp-json\/wp\/v2\/types\/page"}],"author":[{"embeddable":true,"href":"https:\/\/www.groupedemexcentrem.com\/en\/wp-json\/wp\/v2\/users\/1"}],"replies":[{"embeddable":true,"href":"https:\/\/www.groupedemexcentrem.com\/en\/wp-json\/wp\/v2\/comments?post=461"}],"version-history":[{"count":6,"href":"https:\/\/www.groupedemexcentrem.com\/en\/wp-json\/wp\/v2\/pages\/461\/revisions"}],"predecessor-version":[{"id":3844,"href":"https:\/\/www.groupedemexcentrem.com\/en\/wp-json\/wp\/v2\/pages\/461\/revisions\/3844"}],"wp:attachment":[{"href":"https:\/\/www.groupedemexcentrem.com\/en\/wp-json\/wp\/v2\/media?parent=461"}],"curies":[{"name":"wp","href":"https:\/\/api.w.org\/{rel}","templated":true}]}}